{"id":552,"date":"2020-10-12T18:35:17","date_gmt":"2020-10-12T16:35:17","guid":{"rendered":"http:\/\/orkaklub.pl\/?page_id=552"},"modified":"2024-08-27T20:09:00","modified_gmt":"2024-08-27T18:09:00","slug":"regulamin","status":"publish","type":"page","link":"http:\/\/orkaklub.pl\/index.php\/regulamin\/","title":{"rendered":"STANDARDY OCHRONY MA\u0141OLETNICH"},"content":{"rendered":"\n<p> W zwi\u0105zku z wej\u015bciem w \u017cycie ustawy o zmianie ustawy o przeciwdzia\u0142aniu  zagro\u017ceniom przest\u0119pczo\u015bci\u0105 na tle seksualnym i ochronie ma\u0142oletnich  Klub ,, ORKA&#8221; zapozna\u0142 wszystkich instruktor\u00f3w ze standardami ochrony ma\u0142oletnich i zobowi\u0105zuje si\u0119 do przestrzegania obowi\u0105zuj\u0105cych  procedur. <\/p>\n\n\n\n<div class=\"wp-block-file\"><object class=\"wp-block-file__embed\" data=\"http:\/\/orkaklub.pl\/wp-content\/uploads\/2024\/08\/Standardy-Ochrony-Maloletnich-1.pdf\" type=\"application\/pdf\" style=\"width:100%;height:600px\" aria-label=\"Osadzone z Standardy-Ochrony-Maloletnich-1.\"><\/object><a id=\"wp-block-file--media-6d2058ca-c4e8-487b-83d1-987b7f7a0697\" href=\"http:\/\/orkaklub.pl\/wp-content\/uploads\/2024\/08\/Standardy-Ochrony-Maloletnich-1.pdf\">Standardy-Ochrony-Maloletnich-1<\/a><a href=\"http:\/\/orkaklub.pl\/wp-content\/uploads\/2024\/08\/Standardy-Ochrony-Maloletnich-1.pdf\" class=\"wp-block-file__button wp-element-button\" download aria-describedby=\"wp-block-file--media-6d2058ca-c4e8-487b-83d1-987b7f7a0697\">Pobierz<\/a><\/div>\n\n\n","protected":false},"excerpt":{"rendered":"<p>W zwi\u0105zku z wej\u015bciem w \u017cycie ustawy o zmianie ustawy o przeciwdzia\u0142aniu zagro\u017ceniom przest\u0119pczo\u015bci\u0105 na tle seksualnym i ochronie ma\u0142oletnich Klub ,, ORKA&#8221; zapozna\u0142 wszystkich instruktor\u00f3w ze standardami ochrony ma\u0142oletnich i zobowi\u0105zuje si\u0119 do przestrzegania obowi\u0105zuj\u0105cych procedur.<\/p>\n","protected":false},"author":1,"featured_media":0,"parent":0,"menu_order":0,"comment_status":"closed","ping_status":"closed","template":"","meta":[],"_links":{"self":[{"href":"http:\/\/orkaklub.pl\/index.php\/wp-json\/wp\/v2\/pages\/552"}],"collection":[{"href":"http:\/\/orkaklub.pl\/index.php\/wp-json\/wp\/v2\/pages"}],"about":[{"href":"http:\/\/orkaklub.pl\/index.php\/wp-json\/wp\/v2\/types\/page"}],"author":[{"embeddable":true,"href":"http:\/\/orkaklub.pl\/index.php\/wp-json\/wp\/v2\/users\/1"}],"replies":[{"embeddable":true,"href":"http:\/\/orkaklub.pl\/index.php\/wp-json\/wp\/v2\/comments?post=552"}],"version-history":[{"count":4,"href":"http:\/\/orkaklub.pl\/index.php\/wp-json\/wp\/v2\/pages\/552\/revisions"}],"predecessor-version":[{"id":1479,"href":"http:\/\/orkaklub.pl\/index.php\/wp-json\/wp\/v2\/pages\/552\/revisions\/1479"}],"wp:attachment":[{"href":"http:\/\/orkaklub.pl\/index.php\/wp-json\/wp\/v2\/media?parent=552"}],"curies":[{"name":"wp","href":"https:\/\/api.w.org\/{rel}","templated":true}]}}