{"id":6,"date":"2019-08-19T16:57:23","date_gmt":"2019-08-19T14:57:23","guid":{"rendered":"http:\/\/orkaklub.pl\/?page_id=6"},"modified":"2021-12-14T14:53:59","modified_gmt":"2021-12-14T13:53:59","slug":"o-klubie","status":"publish","type":"page","link":"http:\/\/orkaklub.pl\/index.php\/o-klubie\/","title":{"rendered":"O KLUBIE"},"content":{"rendered":"\n<p>Mi\u0119dzyszkolny Uczniowski Klub Sportowy ,,ORKA\u2019\u2019 w Lubartowie rozpocz\u0105\u0142 swoj\u0105 dzia\u0142alno\u015b\u0107 w listopadzie 2010 roku. Pocz\u0105tkowo klub prowadzi\u0142 zaj\u0119cia na p\u0142ywalni miejskiej w Lubartowie w dw\u00f3ch 15 osobowych grupach dzieci\u0119cych. Poniewa\u017c zaj\u0119cia cieszy\u0142y si\u0119 du\u017c\u0105 popularno\u015bci\u0105, klub rozszerzy\u0142 swoj\u0105 dzia\u0142alno\u015b\u0107. Od 2012 r. w zaj\u0119ciach uczestniczy\u0142o ju\u017c niemal 300 dzieci i m\u0142odzie\u017cy, w tym osoby niepe\u0142nosprawne.                 MUKS ,,ORKA\u2019\u2019 wsp\u00f3\u0142pracuje ze szko\u0142ami, stowarzyszeniami i innymi instytucjami z naszego miasta i regionu. Ponadto od 2018 roku prowadzimy zaj\u0119cia na p\u0142ywalni w W\u00f3lce Rokickiej. <\/p>\n\n\n\n<p>Zaj\u0119cia przez nas prowadzone maj\u0105 na celu przede wszystkim upowszechnienie r\u00f3\u017cnorodnej aktywno\u015bci fizycznej, zwi\u0119kszenie bezpiecze\u0144stwa podczas przebywania dzieci w wodzie i wszechstronny rozw\u00f3j fizyczny, ze szczeg\u00f3lnym uwzgl\u0119dnieniem profilaktyki wad postawy i oty\u0142o\u015bci. <\/p>\n\n\n\n<p class=\"has-medium-font-size\">Co uda\u0142o mam si\u0119 osi\u0105gn\u0105\u0107 ?<\/p>\n\n\n\n<p>Nasz Klub jako pierwszy w historii miasta w 2012 r zorganizowa\u0142 Nocny Maraton P\u0142ywacki o Puchar Burmistrza Miasta, w kt\u00f3rym udzia\u0142 wzi\u0119\u0142o przesz\u0142o 113 os\u00f3b, a przep\u0142yni\u0119ty wsp\u00f3lnie dystans liczy\u0142 153 km. Rok p\u00f3\u017aniej uda\u0142o si\u0119 pobi\u0107 rekord o ponad 100 km, 135 os\u00f3b przep\u0142yn\u0119\u0142o \u0142\u0105cznie 268 km.<\/p>\n\n\n\n<p>W 2013 realizowali\u015bmy zadanie w zakresie wspierania i upowszechniania kultury fizycznej ,,Nauka p\u0142ywania i zaj\u0119cia ruchowe w wodzie. Szkolenie zawodnik\u00f3w w dyscyplinie p\u0142ywania\u201d. W projekcie udzia\u0142 wzi\u0119\u0142o 140 dzieci.<\/p>\n\n\n\n<p>W 2016 klub zrealizowa\u0142 projekt MSiT ,,Umiem\nP\u0142ywa\u0107\u2019\u2019 w ramach powszechnej nauki p\u0142ywania dla uczni\u00f3w z Gminy Lubart\u00f3w<\/p>\n\n\n\n<p>W 2017 zrealizowali\u015bmy projekt pt.,,Klub 2017\u201d , kt\u00f3ry mia\u0142 na celu upowszechnianie aktywno\u015bci fizycznej i nabycie przez dzieci podstawowych umiej\u0119tno\u015bci p\u0142ywania.<\/p>\n\n\n\n<p>W 2019 nasz klub rozszerzy\u0142 dzia\u0142alno\u015b\u0107 na nowo otwartej p\u0142ywalni w W\u00f3lce Rokickiej <\/p>\n\n\n\n<p>W 2021  zrealizowali\u015bmy projekt pt,,Klub 2021&#8221; Celem Projektu by\u0142o doskonalenie umiej\u0119tno\u015bci p\u0142ywania u dzieci szk\u00f3\u0142 wiejskich w gminie Lubart\u00f3w. W Projekcie wzi\u0119\u0142o udzia\u0142 40 dzieci z klas IV-VIII.<\/p>\n\n\n\n<p>W 2021 roku nasi instruktorzy wzi\u0119li udzia\u0142 w projekcie ,, Umiem P\u0142ywa\u0107 &#8221; ze szk\u00f3\u0142 wiejskich. W Projekcie wzi\u0119\u0142o udzia\u0142 105 dzieci z klas I &#8211; III z gminy Cyc\u00f3w. <\/p>\n","protected":false},"excerpt":{"rendered":"<p>Mi\u0119dzyszkolny Uczniowski Klub Sportowy ,,ORKA\u2019\u2019 w Lubartowie rozpocz\u0105\u0142 swoj\u0105 dzia\u0142alno\u015b\u0107 w listopadzie 2010 roku. Pocz\u0105tkowo klub prowadzi\u0142 zaj\u0119cia na p\u0142ywalni miejskiej w Lubartowie w dw\u00f3ch 15 osobowych grupach dzieci\u0119cych. Poniewa\u017c zaj\u0119cia cieszy\u0142y si\u0119 du\u017c\u0105 popularno\u015bci\u0105, klub rozszerzy\u0142 swoj\u0105 dzia\u0142alno\u015b\u0107. Od 2012 r. w zaj\u0119ciach uczestniczy\u0142o ju\u017c niemal 300 dzieci i m\u0142odzie\u017cy, w tym osoby niepe\u0142nosprawne. [&hellip;]<\/p>\n","protected":false},"author":1,"featured_media":0,"parent":0,"menu_order":0,"comment_status":"closed","ping_status":"closed","template":"","meta":[],"_links":{"self":[{"href":"http:\/\/orkaklub.pl\/index.php\/wp-json\/wp\/v2\/pages\/6"}],"collection":[{"href":"http:\/\/orkaklub.pl\/index.php\/wp-json\/wp\/v2\/pages"}],"about":[{"href":"http:\/\/orkaklub.pl\/index.php\/wp-json\/wp\/v2\/types\/page"}],"author":[{"embeddable":true,"href":"http:\/\/orkaklub.pl\/index.php\/wp-json\/wp\/v2\/users\/1"}],"replies":[{"embeddable":true,"href":"http:\/\/orkaklub.pl\/index.php\/wp-json\/wp\/v2\/comments?post=6"}],"version-history":[{"count":3,"href":"http:\/\/orkaklub.pl\/index.php\/wp-json\/wp\/v2\/pages\/6\/revisions"}],"predecessor-version":[{"id":868,"href":"http:\/\/orkaklub.pl\/index.php\/wp-json\/wp\/v2\/pages\/6\/revisions\/868"}],"wp:attachment":[{"href":"http:\/\/orkaklub.pl\/index.php\/wp-json\/wp\/v2\/media?parent=6"}],"curies":[{"name":"wp","href":"https:\/\/api.w.org\/{rel}","templated":true}]}}